{"id":98,"date":"2016-12-23T00:11:10","date_gmt":"2016-12-22T23:11:10","guid":{"rendered":"http:\/\/www.talilte.org\/?page_id=98"},"modified":"2016-12-23T00:11:10","modified_gmt":"2016-12-22T23:11:10","slug":"membres-du-bureau","status":"publish","type":"page","link":"https:\/\/www.talilte.org\/?page_id=98","title":{"rendered":"Membres du Bureau"},"content":{"rendered":"<div class=\"tblover\">\n<div>\n<p><span style=\"font-size: 12pt;\">Les membres du bureau actuel de l\u2019association sont :<\/span><\/p>\n<p><span style=\"font-size: 12pt;\"><strong>Pr\u00e9sident :<img fetchpriority=\"high\" decoding=\"async\" class=\"alignright  wp-image-95\" src=\"http:\/\/www.talilte.org\/wp-content\/uploads\/2016\/12\/logo_talilte.png\" alt=\"\" width=\"248\" height=\"363\" srcset=\"https:\/\/www.talilte.org\/wp-content\/uploads\/2016\/12\/logo_talilte.png 866w, https:\/\/www.talilte.org\/wp-content\/uploads\/2016\/12\/logo_talilte-205x300.png 205w, https:\/\/www.talilte.org\/wp-content\/uploads\/2016\/12\/logo_talilte-768x1125.png 768w, https:\/\/www.talilte.org\/wp-content\/uploads\/2016\/12\/logo_talilte-699x1024.png 699w\" sizes=\"(max-width: 248px) 100vw, 248px\" \/><\/strong><\/span><br \/>\n<span style=\"font-size: 12pt;\"> Dr. HAYOU Mohamed<\/span><\/p>\n<p><span style=\"font-size: 12pt;\"><strong>Vice pr\u00e9sident :<\/strong><\/span><br \/>\n<span style=\"font-size: 12pt;\"> Dr. Mohamed BIZRANE<\/span><br \/>\n<span style=\"font-size: 12pt;\"> Mr. Mohamed BAYRI<\/span><\/p>\n<p><span style=\"font-size: 12pt;\"><strong>Secr\u00e9taire g\u00e9n\u00e9ral :<\/strong><\/span><br \/>\n<span style=\"font-size: 12pt;\"> Mr. Mohamed SOUABI \u00ab\u00a0Amawas\u00a0\u00bb<\/span><\/p>\n<p><span style=\"font-size: 12pt;\"><strong>Vice secr\u00e9taire g\u00e9n\u00e9ral :<\/strong><\/span><br \/>\n<span style=\"font-size: 12pt;\"> Mme. Khadija EL BOUZIDI<\/span><\/p>\n<p><span style=\"font-size: 12pt;\"><strong>Tr\u00e9sorier <\/strong>:<\/span><br \/>\n<span style=\"font-size: 12pt;\"> Dr Abdellah ADJAR<\/span><\/p>\n<p><span style=\"font-size: 12pt;\"><strong>Vice tr\u00e9sorier :<\/strong><\/span><br \/>\n<span style=\"font-size: 12pt;\"> Dr. Abdellah AZAIM<\/span><\/p>\n<p><span style=\"font-size: 12pt;\"><strong>Accesseurs :<\/strong><\/span><br \/>\n<span style=\"font-size: 12pt;\"> Dr. Jawad BEN MAHFOUD<\/span><br \/>\n<span style=\"font-size: 12pt;\"> Mr. Mohamed BENCHEIKH<\/span><br \/>\n<span style=\"font-size: 12pt;\"> Mr. Boujmaa BAZI<\/span><br \/>\n<span style=\"font-size: 12pt;\"> Mr. Mohamed EL KHATTABI<\/span><br \/>\n<span style=\"font-size: 12pt;\"> Mr. Lahcen ID HAMMOU<\/span><br \/>\n<span style=\"font-size: 12pt;\"> Mr. Lahoucine EL HATIF<\/span><\/p>\n<\/div>\n<\/div>\n<p>&nbsp;<\/p>\n","protected":false},"excerpt":{"rendered":"<p>Les membres du bureau actuel de l\u2019association sont : Pr\u00e9sident : Dr. HAYOU Mohamed Vice pr\u00e9sident : Dr. Mohamed BIZRANE Mr. Mohamed BAYRI Secr\u00e9taire g\u00e9n\u00e9ral : Mr. Mohamed SOUABI \u00ab\u00a0Amawas\u00a0\u00bb Vice secr\u00e9taire g\u00e9n\u00e9ral : Mme. Khadija EL BOUZIDI Tr\u00e9sorier : Dr Abdellah ADJAR Vice tr\u00e9sorier : Dr. Abdellah AZAIM Accesseurs : Dr. Jawad BEN MAHFOUD [&hellip;]<\/p>\n","protected":false},"author":1,"featured_media":0,"parent":0,"menu_order":0,"comment_status":"closed","ping_status":"closed","template":"","meta":{"footnotes":""},"class_list":["post-98","page","type-page","status-publish","hentry","entry"],"_links":{"self":[{"href":"https:\/\/www.talilte.org\/index.php?rest_route=\/wp\/v2\/pages\/98"}],"collection":[{"href":"https:\/\/www.talilte.org\/index.php?rest_route=\/wp\/v2\/pages"}],"about":[{"href":"https:\/\/www.talilte.org\/index.php?rest_route=\/wp\/v2\/types\/page"}],"author":[{"embeddable":true,"href":"https:\/\/www.talilte.org\/index.php?rest_route=\/wp\/v2\/users\/1"}],"replies":[{"embeddable":true,"href":"https:\/\/www.talilte.org\/index.php?rest_route=%2Fwp%2Fv2%2Fcomments&post=98"}],"version-history":[{"count":1,"href":"https:\/\/www.talilte.org\/index.php?rest_route=\/wp\/v2\/pages\/98\/revisions"}],"predecessor-version":[{"id":99,"href":"https:\/\/www.talilte.org\/index.php?rest_route=\/wp\/v2\/pages\/98\/revisions\/99"}],"wp:attachment":[{"href":"https:\/\/www.talilte.org\/index.php?rest_route=%2Fwp%2Fv2%2Fmedia&parent=98"}],"curies":[{"name":"wp","href":"https:\/\/api.w.org\/{rel}","templated":true}]}}